{"id":3260,"date":"2024-10-17T20:19:20","date_gmt":"2024-10-17T20:19:20","guid":{"rendered":"https:\/\/www.equipements-boulangerie.com\/produit\/petrin-a-fourche-vl\/"},"modified":"2024-10-17T20:19:20","modified_gmt":"2024-10-17T20:19:20","slug":"petrin-a-fourche-vl","status":"publish","type":"product","link":"https:\/\/www.equipements-boulangerie.com\/en\/produit\/petrin-a-fourche-vl\/","title":{"rendered":"P\u00e9trin \u00e0 fourche VL"},"content":{"rendered":"<h2 class=\"cara_tlt\">Caract\u00e9ristiques principales des p\u00e9trins \u00e0 fourche VL<\/h2>\n<p>Les p\u00e9trins \u00e0 fourche VL se distinguent par leur robustesse et leur fiabilit\u00e9, en voici les points forts <\/p>\n<ul class=\"cara_list\">\n<li>Structure en t\u00f4le d&#8217;acier \u00e9paisse<\/li>\n<li>Engrenages en fonte sph\u00e9ro\u00efdale plong\u00e9s dans un bain d&#8217;huile<\/li>\n<li>Zone de p\u00e9trissage 100% en acier inoxydable AISI 304<\/li>\n<li>Deux moteurs \u00e9lectriques<\/li>\n<li>Deux vitesses (outil\/cuve)<\/li>\n<li>Minimum garanti d&#8217;environ 10% de la capacit\u00e9 maximale<\/li>\n<li>Deux minuteries \u00e9lectroniques (en option)<\/li>\n<li>Roues (en option)<\/li>\n<li>Racleur inox (en option)<\/li>\n<li>Machine tout inox (en option)<\/li>\n<\/ul>\n","protected":false},"excerpt":{"rendered":"<p>Caract\u00e9ristiques principales des p\u00e9trins \u00e0 fourche VL Les p\u00e9trins \u00e0 fourche VL se distinguent par leur robustesse et leur fiabilit\u00e9, [&hellip;]<\/p>\n","protected":false},"featured_media":2008,"comment_status":"open","ping_status":"closed","template":"","meta":{"site-sidebar-layout":"default","site-content-layout":"","ast-site-content-layout":"default","site-content-style":"default","site-sidebar-style":"default","ast-global-header-display":"","ast-banner-title-visibility":"","ast-main-header-display":"","ast-hfb-above-header-display":"","ast-hfb-below-header-display":"","ast-hfb-mobile-header-display":"","site-post-title":"","ast-breadcrumbs-content":"","ast-featured-img":"","footer-sml-layout":"","theme-transparent-header-meta":"default","adv-header-id-meta":"","stick-header-meta":"","header-above-stick-meta":"","header-main-stick-meta":"","header-below-stick-meta":"","astra-migrate-meta-layouts":"set","ast-page-background-enabled":"default","ast-page-background-meta":{"desktop":{"background-color":"var(--ast-global-color-4)","background-image":"","background-repeat":"repeat","background-position":"center center","background-size":"auto","background-attachment":"scroll","background-type":"","background-media":"","overlay-type":"","overlay-color":"","overlay-opacity":"","overlay-gradient":""},"tablet":{"background-color":"","background-image":"","background-repeat":"repeat","background-position":"center center","background-size":"auto","background-attachment":"scroll","background-type":"","background-media":"","overlay-type":"","overlay-color":"","overlay-opacity":"","overlay-gradient":""},"mobile":{"background-color":"","background-image":"","background-repeat":"repeat","background-position":"center center","background-size":"auto","background-attachment":"scroll","background-type":"","background-media":"","overlay-type":"","overlay-color":"","overlay-opacity":"","overlay-gradient":""}},"ast-content-background-meta":{"desktop":{"background-color":"var(--ast-global-color-5)","background-image":"","background-repeat":"repeat","background-position":"center center","background-size":"auto","background-attachment":"scroll","background-type":"","background-media":"","overlay-type":"","overlay-color":"","overlay-opacity":"","overlay-gradient":""},"tablet":{"background-color":"var(--ast-global-color-5)","background-image":"","background-repeat":"repeat","background-position":"center center","background-size":"auto","background-attachment":"scroll","background-type":"","background-media":"","overlay-type":"","overlay-color":"","overlay-opacity":"","overlay-gradient":""},"mobile":{"background-color":"var(--ast-global-color-5)","background-image":"","background-repeat":"repeat","background-position":"center center","background-size":"auto","background-attachment":"scroll","background-type":"","background-media":"","overlay-type":"","overlay-color":"","overlay-opacity":"","overlay-gradient":""}}},"product_brand":[],"product_cat":[136,142],"product_tag":[],"class_list":{"0":"post-3260","1":"product","2":"type-product","3":"status-publish","4":"has-post-thumbnail","6":"product_cat-bakery","7":"product_cat-petrins-en","8":"desktop-align-left","9":"tablet-align-left","10":"mobile-align-left","12":"first","13":"instock","14":"shipping-taxable","15":"purchasable","16":"product-type-variable"},"_links":{"self":[{"href":"https:\/\/www.equipements-boulangerie.com\/en\/wp-json\/wp\/v2\/product\/3260","targetHints":{"allow":["GET"]}}],"collection":[{"href":"https:\/\/www.equipements-boulangerie.com\/en\/wp-json\/wp\/v2\/product"}],"about":[{"href":"https:\/\/www.equipements-boulangerie.com\/en\/wp-json\/wp\/v2\/types\/product"}],"replies":[{"embeddable":true,"href":"https:\/\/www.equipements-boulangerie.com\/en\/wp-json\/wp\/v2\/comments?post=3260"}],"wp:featuredmedia":[{"embeddable":true,"href":"https:\/\/www.equipements-boulangerie.com\/en\/wp-json\/wp\/v2\/media\/2008"}],"wp:attachment":[{"href":"https:\/\/www.equipements-boulangerie.com\/en\/wp-json\/wp\/v2\/media?parent=3260"}],"wp:term":[{"taxonomy":"product_brand","embeddable":true,"href":"https:\/\/www.equipements-boulangerie.com\/en\/wp-json\/wp\/v2\/product_brand?post=3260"},{"taxonomy":"product_cat","embeddable":true,"href":"https:\/\/www.equipements-boulangerie.com\/en\/wp-json\/wp\/v2\/product_cat?post=3260"},{"taxonomy":"product_tag","embeddable":true,"href":"https:\/\/www.equipements-boulangerie.com\/en\/wp-json\/wp\/v2\/product_tag?post=3260"}],"curies":[{"name":"wp","href":"https:\/\/api.w.org\/{rel}","templated":true}]}}