{"id":3261,"date":"2024-10-17T20:28:56","date_gmt":"2024-10-17T20:28:56","guid":{"rendered":"https:\/\/www.equipements-boulangerie.com\/produit\/petrin-dompeur-mspv\/"},"modified":"2024-10-17T20:28:56","modified_gmt":"2024-10-17T20:28:56","slug":"petrin-dompeur-mspv","status":"publish","type":"product","link":"https:\/\/www.equipements-boulangerie.com\/en\/produit\/petrin-dompeur-mspv\/","title":{"rendered":"P\u00e9trin dompeur MSPV"},"content":{"rendered":"<h2 class=\"cara_tlt\">Caract\u00e9ristiques uniques du P\u00e9trin dompeur<\/h2>\n<p>Notre p\u00e9trin dompeur n&#8217;est pas qu&#8217;une simple machine, c&#8217;est un v\u00e9ritable chef d&#8217;orchestre pour votre boulangerie ! Voici ce qui le rend si sp\u00e9cial :<\/p>\n<ul class=\"cara_list\">\n<li><b>Force de titan :<\/b> P\u00e9trit des montagnes de p\u00e2te sans broncher<\/li>\n<li><b>Basculement en douceur :<\/b> D\u00e9verse votre p\u00e2te comme un pro, sans effort<\/li>\n<li><b>Cuve en acier inoxydable :<\/b> Hygi\u00e8ne impeccable, aussi propre qu&#8217;un sou neuf<\/li>\n<li><b>Vitesses au poil :<\/b> Du p\u00e9trissage d\u00e9licat \u00e0 l&#8217;intense, tout est possible<\/li>\n<li><b>Robustesse \u00e0 toute \u00e9preuve :<\/b> Construit pour durer, comme vos meilleures recettes<\/li>\n<\/ul>\n<p>Ce p\u00e9trin, c&#8217;est comme avoir un boulanger suppl\u00e9mentaire dans votre \u00e9quipe, mais en plus fort et sans pause caf\u00e9 !<\/p>\n","protected":false},"excerpt":{"rendered":"<p>Caract\u00e9ristiques uniques du P\u00e9trin dompeur Notre p\u00e9trin dompeur n&#8217;est pas qu&#8217;une simple machine, c&#8217;est un v\u00e9ritable chef d&#8217;orchestre pour votre [&hellip;]<\/p>\n","protected":false},"featured_media":2012,"comment_status":"open","ping_status":"closed","template":"","meta":{"site-sidebar-layout":"default","site-content-layout":"","ast-site-content-layout":"default","site-content-style":"default","site-sidebar-style":"default","ast-global-header-display":"","ast-banner-title-visibility":"","ast-main-header-display":"","ast-hfb-above-header-display":"","ast-hfb-below-header-display":"","ast-hfb-mobile-header-display":"","site-post-title":"","ast-breadcrumbs-content":"","ast-featured-img":"","footer-sml-layout":"","theme-transparent-header-meta":"default","adv-header-id-meta":"","stick-header-meta":"","header-above-stick-meta":"","header-main-stick-meta":"","header-below-stick-meta":"","astra-migrate-meta-layouts":"set","ast-page-background-enabled":"default","ast-page-background-meta":{"desktop":{"background-color":"var(--ast-global-color-4)","background-image":"","background-repeat":"repeat","background-position":"center center","background-size":"auto","background-attachment":"scroll","background-type":"","background-media":"","overlay-type":"","overlay-color":"","overlay-opacity":"","overlay-gradient":""},"tablet":{"background-color":"","background-image":"","background-repeat":"repeat","background-position":"center center","background-size":"auto","background-attachment":"scroll","background-type":"","background-media":"","overlay-type":"","overlay-color":"","overlay-opacity":"","overlay-gradient":""},"mobile":{"background-color":"","background-image":"","background-repeat":"repeat","background-position":"center center","background-size":"auto","background-attachment":"scroll","background-type":"","background-media":"","overlay-type":"","overlay-color":"","overlay-opacity":"","overlay-gradient":""}},"ast-content-background-meta":{"desktop":{"background-color":"var(--ast-global-color-5)","background-image":"","background-repeat":"repeat","background-position":"center center","background-size":"auto","background-attachment":"scroll","background-type":"","background-media":"","overlay-type":"","overlay-color":"","overlay-opacity":"","overlay-gradient":""},"tablet":{"background-color":"var(--ast-global-color-5)","background-image":"","background-repeat":"repeat","background-position":"center center","background-size":"auto","background-attachment":"scroll","background-type":"","background-media":"","overlay-type":"","overlay-color":"","overlay-opacity":"","overlay-gradient":""},"mobile":{"background-color":"var(--ast-global-color-5)","background-image":"","background-repeat":"repeat","background-position":"center center","background-size":"auto","background-attachment":"scroll","background-type":"","background-media":"","overlay-type":"","overlay-color":"","overlay-opacity":"","overlay-gradient":""}}},"product_brand":[],"product_cat":[136,142],"product_tag":[],"class_list":{"0":"post-3261","1":"product","2":"type-product","3":"status-publish","4":"has-post-thumbnail","6":"product_cat-bakery","7":"product_cat-petrins-en","8":"desktop-align-left","9":"tablet-align-left","10":"mobile-align-left","12":"first","13":"instock","14":"shipping-taxable","15":"purchasable","16":"product-type-variable"},"_links":{"self":[{"href":"https:\/\/www.equipements-boulangerie.com\/en\/wp-json\/wp\/v2\/product\/3261","targetHints":{"allow":["GET"]}}],"collection":[{"href":"https:\/\/www.equipements-boulangerie.com\/en\/wp-json\/wp\/v2\/product"}],"about":[{"href":"https:\/\/www.equipements-boulangerie.com\/en\/wp-json\/wp\/v2\/types\/product"}],"replies":[{"embeddable":true,"href":"https:\/\/www.equipements-boulangerie.com\/en\/wp-json\/wp\/v2\/comments?post=3261"}],"wp:featuredmedia":[{"embeddable":true,"href":"https:\/\/www.equipements-boulangerie.com\/en\/wp-json\/wp\/v2\/media\/2012"}],"wp:attachment":[{"href":"https:\/\/www.equipements-boulangerie.com\/en\/wp-json\/wp\/v2\/media?parent=3261"}],"wp:term":[{"taxonomy":"product_brand","embeddable":true,"href":"https:\/\/www.equipements-boulangerie.com\/en\/wp-json\/wp\/v2\/product_brand?post=3261"},{"taxonomy":"product_cat","embeddable":true,"href":"https:\/\/www.equipements-boulangerie.com\/en\/wp-json\/wp\/v2\/product_cat?post=3261"},{"taxonomy":"product_tag","embeddable":true,"href":"https:\/\/www.equipements-boulangerie.com\/en\/wp-json\/wp\/v2\/product_tag?post=3261"}],"curies":[{"name":"wp","href":"https:\/\/api.w.org\/{rel}","templated":true}]}}