{"id":3299,"date":"2024-10-17T15:06:54","date_gmt":"2024-10-17T15:06:54","guid":{"rendered":"https:\/\/www.equipements-boulangerie.com\/produit\/machine-a-chapelure-mac-pan\/"},"modified":"2024-10-17T15:06:54","modified_gmt":"2024-10-17T15:06:54","slug":"machine-a-chapelure-mac-pan","status":"publish","type":"product","link":"https:\/\/www.equipements-boulangerie.com\/en\/produit\/machine-a-chapelure-mac-pan\/","title":{"rendered":"Machine \u00e0 chapelure Mac Pan"},"content":{"rendered":"<h2 class=\"cara_tlt\">D\u00e9couvrez les caract\u00e9ristiques uniques de la gamme MAC<\/h2>\n<ul class=\"cara_list\">\n<li><b>Construction inox int\u00e9grale :<\/b> Fabrication compl\u00e8te en acier inoxydable garantissant durabilit\u00e9 et conformit\u00e9 aux normes d&#8217;hygi\u00e8ne alimentaire.<\/li>\n<li><b>T\u00eate de broyage polyvalente :<\/b> Syst\u00e8me de broyage con\u00e7u pour obtenir diff\u00e9rentes granulom\u00e9tries gr\u00e2ce aux filtres interchangeables.<\/li>\n<li><b>S\u00e9curit\u00e9 renforc\u00e9e :<\/b> Triple protection avec couvercles de s\u00e9curit\u00e9 int\u00e9gr\u00e9s dans la tr\u00e9mie de m\u00e9lange pour une utilisation s\u00fbre.<\/li>\n<li><b>Nettoyage facilit\u00e9 :<\/b> Conception permettant un d\u00e9montage rapide et un nettoyage ais\u00e9 de tous les composants.<\/li>\n<li><b>Filtres interchangeables :<\/b> Large gamme de filtres disponibles pour adapter la granulom\u00e9trie \u00e0 vos besoins sp\u00e9cifiques.<\/li>\n<li><b>Performance optimis\u00e9e :<\/b> Moteurs dimensionn\u00e9s selon les capacit\u00e9s pour une efficacit\u00e9 \u00e9nerg\u00e9tique maximale.<\/li>\n<li><b>Panneau de contr\u00f4le intuitif :<\/b> Interface simple permettant une utilisation facile et un contr\u00f4le pr\u00e9cis des op\u00e9rations.<\/li>\n<li><b>Maintenance minimale :<\/b> Construction robuste et composants de qualit\u00e9 r\u00e9duisant les besoins en maintenance.<\/li>\n<li><b>Adaptation automatique :<\/b> Syst\u00e8me de broyage s&#8217;ajustant \u00e0 diff\u00e9rents types de pains secs pour une qualit\u00e9 constante.<\/li>\n<\/ul>\n","protected":false},"excerpt":{"rendered":"<p>D\u00e9couvrez les caract\u00e9ristiques uniques de la gamme MAC Construction inox int\u00e9grale : Fabrication compl\u00e8te en acier inoxydable garantissant durabilit\u00e9 et [&hellip;]<\/p>\n","protected":false},"featured_media":2641,"comment_status":"open","ping_status":"closed","template":"","meta":{"site-sidebar-layout":"default","site-content-layout":"","ast-site-content-layout":"default","site-content-style":"default","site-sidebar-style":"default","ast-global-header-display":"","ast-banner-title-visibility":"","ast-main-header-display":"","ast-hfb-above-header-display":"","ast-hfb-below-header-display":"","ast-hfb-mobile-header-display":"","site-post-title":"","ast-breadcrumbs-content":"","ast-featured-img":"","footer-sml-layout":"","theme-transparent-header-meta":"default","adv-header-id-meta":"","stick-header-meta":"","header-above-stick-meta":"","header-main-stick-meta":"","header-below-stick-meta":"","astra-migrate-meta-layouts":"set","ast-page-background-enabled":"default","ast-page-background-meta":{"desktop":{"background-color":"var(--ast-global-color-4)","background-image":"","background-repeat":"repeat","background-position":"center center","background-size":"auto","background-attachment":"scroll","background-type":"","background-media":"","overlay-type":"","overlay-color":"","overlay-opacity":"","overlay-gradient":""},"tablet":{"background-color":"","background-image":"","background-repeat":"repeat","background-position":"center center","background-size":"auto","background-attachment":"scroll","background-type":"","background-media":"","overlay-type":"","overlay-color":"","overlay-opacity":"","overlay-gradient":""},"mobile":{"background-color":"","background-image":"","background-repeat":"repeat","background-position":"center center","background-size":"auto","background-attachment":"scroll","background-type":"","background-media":"","overlay-type":"","overlay-color":"","overlay-opacity":"","overlay-gradient":""}},"ast-content-background-meta":{"desktop":{"background-color":"var(--ast-global-color-5)","background-image":"","background-repeat":"repeat","background-position":"center center","background-size":"auto","background-attachment":"scroll","background-type":"","background-media":"","overlay-type":"","overlay-color":"","overlay-opacity":"","overlay-gradient":""},"tablet":{"background-color":"var(--ast-global-color-5)","background-image":"","background-repeat":"repeat","background-position":"center center","background-size":"auto","background-attachment":"scroll","background-type":"","background-media":"","overlay-type":"","overlay-color":"","overlay-opacity":"","overlay-gradient":""},"mobile":{"background-color":"var(--ast-global-color-5)","background-image":"","background-repeat":"repeat","background-position":"center center","background-size":"auto","background-attachment":"scroll","background-type":"","background-media":"","overlay-type":"","overlay-color":"","overlay-opacity":"","overlay-gradient":""}}},"product_brand":[],"product_cat":[136,152],"product_tag":[],"class_list":{"0":"post-3299","1":"product","2":"type-product","3":"status-publish","4":"has-post-thumbnail","6":"product_cat-bakery","7":"product_cat-machine-a-chapelure-en","8":"desktop-align-left","9":"tablet-align-left","10":"mobile-align-left","12":"first","13":"instock","14":"shipping-taxable","15":"purchasable","16":"product-type-variable"},"_links":{"self":[{"href":"https:\/\/www.equipements-boulangerie.com\/en\/wp-json\/wp\/v2\/product\/3299","targetHints":{"allow":["GET"]}}],"collection":[{"href":"https:\/\/www.equipements-boulangerie.com\/en\/wp-json\/wp\/v2\/product"}],"about":[{"href":"https:\/\/www.equipements-boulangerie.com\/en\/wp-json\/wp\/v2\/types\/product"}],"replies":[{"embeddable":true,"href":"https:\/\/www.equipements-boulangerie.com\/en\/wp-json\/wp\/v2\/comments?post=3299"}],"wp:featuredmedia":[{"embeddable":true,"href":"https:\/\/www.equipements-boulangerie.com\/en\/wp-json\/wp\/v2\/media\/2641"}],"wp:attachment":[{"href":"https:\/\/www.equipements-boulangerie.com\/en\/wp-json\/wp\/v2\/media?parent=3299"}],"wp:term":[{"taxonomy":"product_brand","embeddable":true,"href":"https:\/\/www.equipements-boulangerie.com\/en\/wp-json\/wp\/v2\/product_brand?post=3299"},{"taxonomy":"product_cat","embeddable":true,"href":"https:\/\/www.equipements-boulangerie.com\/en\/wp-json\/wp\/v2\/product_cat?post=3299"},{"taxonomy":"product_tag","embeddable":true,"href":"https:\/\/www.equipements-boulangerie.com\/en\/wp-json\/wp\/v2\/product_tag?post=3299"}],"curies":[{"name":"wp","href":"https:\/\/api.w.org\/{rel}","templated":true}]}}