{"id":3308,"date":"2024-10-17T16:59:30","date_gmt":"2024-10-17T16:59:30","guid":{"rendered":"https:\/\/www.equipements-boulangerie.com\/produit\/diviseuse-hydraulique-sinmag-europe\/"},"modified":"2024-10-17T16:59:30","modified_gmt":"2024-10-17T16:59:30","slug":"diviseuse-hydraulique-sinmag-europe","status":"publish","type":"product","link":"https:\/\/www.equipements-boulangerie.com\/en\/produit\/diviseuse-hydraulique-sinmag-europe\/","title":{"rendered":"Diviseuse hydraulique Sinmag Europe"},"content":{"rendered":"<h2 class=\"cara_tlt\">D\u00e9couvrez les caract\u00e9ristiques communes de la gamme<\/h2>\n<p>Nos diviseuses hydrauliques sont con\u00e7ues pour offrir une qualit\u00e9 de division exceptionnelle. D\u00e9couvrez les caract\u00e9ristiques essentielles de cette gamme professionnelle :<\/p>\n<ul class=\"cara_list\">\n<li><b>Construction robuste :<\/b> Cuve en acier inoxydable avec segments presseurs en PVC, con\u00e7ue pour r\u00e9sister \u00e0 une utilisation intensive et garantir une longue dur\u00e9e de vie.<\/li>\n<li><b>Performance prouv\u00e9e :<\/b> Production jusqu&#8217;\u00e0 2500 pi\u00e8ces\/heure avec une r\u00e9gularit\u00e9 parfaite du poids des p\u00e2tons et une qualit\u00e9 de division constante.<\/li>\n<li><b>Hygi\u00e8ne parfaite :<\/b> Acc\u00e8s facile pour le nettoyage gr\u00e2ce aux surfaces lisses et aux angles arrondis, moteur et pompe prot\u00e9g\u00e9s contre la farine et la poussi\u00e8re.<\/li>\n<li><b>Confort d&#8217;utilisation :<\/b> Mobile sur roulettes avec freins, poign\u00e9es de positionnement ergonomiques et syst\u00e8me de levage automatique des couteaux pour un confort optimal.<\/li>\n<li><b>Polyvalence maximale :<\/b> Compatible avec les p\u00e2tes jusqu&#8217;\u00e0 75% d&#8217;hydratation, permettant de travailler une large gamme de produits, des p\u00e2tes fermes aux p\u00e2tes tr\u00e8s hydrat\u00e9es.<\/li>\n<li><b>Protection optimale :<\/b> Syst\u00e8me anti-projection de farine, plaque de pression rigide avec tapis en silicone antiadh\u00e9sif pour un respect optimal de la p\u00e2te.<\/li>\n<\/ul>\n","protected":false},"excerpt":{"rendered":"<p>D\u00e9couvrez les caract\u00e9ristiques communes de la gamme Nos diviseuses hydrauliques sont con\u00e7ues pour offrir une qualit\u00e9 de division exceptionnelle. D\u00e9couvrez [&hellip;]<\/p>\n","protected":false},"featured_media":2041,"comment_status":"open","ping_status":"closed","template":"","meta":{"site-sidebar-layout":"default","site-content-layout":"","ast-site-content-layout":"default","site-content-style":"default","site-sidebar-style":"default","ast-global-header-display":"","ast-banner-title-visibility":"","ast-main-header-display":"","ast-hfb-above-header-display":"","ast-hfb-below-header-display":"","ast-hfb-mobile-header-display":"","site-post-title":"","ast-breadcrumbs-content":"","ast-featured-img":"","footer-sml-layout":"","theme-transparent-header-meta":"default","adv-header-id-meta":"","stick-header-meta":"","header-above-stick-meta":"","header-main-stick-meta":"","header-below-stick-meta":"","astra-migrate-meta-layouts":"set","ast-page-background-enabled":"default","ast-page-background-meta":{"desktop":{"background-color":"var(--ast-global-color-4)","background-image":"","background-repeat":"repeat","background-position":"center center","background-size":"auto","background-attachment":"scroll","background-type":"","background-media":"","overlay-type":"","overlay-color":"","overlay-opacity":"","overlay-gradient":""},"tablet":{"background-color":"","background-image":"","background-repeat":"repeat","background-position":"center center","background-size":"auto","background-attachment":"scroll","background-type":"","background-media":"","overlay-type":"","overlay-color":"","overlay-opacity":"","overlay-gradient":""},"mobile":{"background-color":"","background-image":"","background-repeat":"repeat","background-position":"center center","background-size":"auto","background-attachment":"scroll","background-type":"","background-media":"","overlay-type":"","overlay-color":"","overlay-opacity":"","overlay-gradient":""}},"ast-content-background-meta":{"desktop":{"background-color":"var(--ast-global-color-5)","background-image":"","background-repeat":"repeat","background-position":"center center","background-size":"auto","background-attachment":"scroll","background-type":"","background-media":"","overlay-type":"","overlay-color":"","overlay-opacity":"","overlay-gradient":""},"tablet":{"background-color":"var(--ast-global-color-5)","background-image":"","background-repeat":"repeat","background-position":"center center","background-size":"auto","background-attachment":"scroll","background-type":"","background-media":"","overlay-type":"","overlay-color":"","overlay-opacity":"","overlay-gradient":""},"mobile":{"background-color":"var(--ast-global-color-5)","background-image":"","background-repeat":"repeat","background-position":"center center","background-size":"auto","background-attachment":"scroll","background-type":"","background-media":"","overlay-type":"","overlay-color":"","overlay-opacity":"","overlay-gradient":""}}},"product_brand":[],"product_cat":[136,141],"product_tag":[],"class_list":{"0":"post-3308","1":"product","2":"type-product","3":"status-publish","4":"has-post-thumbnail","6":"product_cat-bakery","7":"product_cat-diviseuse-en","8":"desktop-align-left","9":"tablet-align-left","10":"mobile-align-left","12":"first","13":"instock","14":"shipping-taxable","15":"purchasable","16":"product-type-variable"},"_links":{"self":[{"href":"https:\/\/www.equipements-boulangerie.com\/en\/wp-json\/wp\/v2\/product\/3308","targetHints":{"allow":["GET"]}}],"collection":[{"href":"https:\/\/www.equipements-boulangerie.com\/en\/wp-json\/wp\/v2\/product"}],"about":[{"href":"https:\/\/www.equipements-boulangerie.com\/en\/wp-json\/wp\/v2\/types\/product"}],"replies":[{"embeddable":true,"href":"https:\/\/www.equipements-boulangerie.com\/en\/wp-json\/wp\/v2\/comments?post=3308"}],"wp:featuredmedia":[{"embeddable":true,"href":"https:\/\/www.equipements-boulangerie.com\/en\/wp-json\/wp\/v2\/media\/2041"}],"wp:attachment":[{"href":"https:\/\/www.equipements-boulangerie.com\/en\/wp-json\/wp\/v2\/media?parent=3308"}],"wp:term":[{"taxonomy":"product_brand","embeddable":true,"href":"https:\/\/www.equipements-boulangerie.com\/en\/wp-json\/wp\/v2\/product_brand?post=3308"},{"taxonomy":"product_cat","embeddable":true,"href":"https:\/\/www.equipements-boulangerie.com\/en\/wp-json\/wp\/v2\/product_cat?post=3308"},{"taxonomy":"product_tag","embeddable":true,"href":"https:\/\/www.equipements-boulangerie.com\/en\/wp-json\/wp\/v2\/product_tag?post=3308"}],"curies":[{"name":"wp","href":"https:\/\/api.w.org\/{rel}","templated":true}]}}