{"id":3312,"date":"2024-10-17T17:18:51","date_gmt":"2024-10-17T17:18:51","guid":{"rendered":"https:\/\/www.equipements-boulangerie.com\/produit\/diviseuse-manuelle\/"},"modified":"2024-10-17T17:18:51","modified_gmt":"2024-10-17T17:18:51","slug":"diviseuse-manuelle","status":"publish","type":"product","link":"https:\/\/www.equipements-boulangerie.com\/en\/produit\/diviseuse-manuelle\/","title":{"rendered":"Diviseuse manuelle"},"content":{"rendered":"<h2 class=\"cara_tlt\">D\u00e9couvrez les caract\u00e9ristiques uniques de la diviseuse manuelle Quarto et la SM 5-30<\/h2>\n<p>La Quarto et la SM 5-30 est votre alli\u00e9 au quotidien pour une division pr\u00e9cise et efficace. D\u00e9couvrez les caract\u00e9ristiques uniques de cette diviseuse d&#8217;exception :<\/p>\n<ul class=\"cara_list\">\n<li><b>Construction robuste :<\/b> Structure solide assurant une longue dur\u00e9e de vie et une stabilit\u00e9 optimale pendant l&#8217;utilisation.<\/li>\n<li><b>Simplicit\u00e9 d&#8217;utilisation :<\/b> Pas de connexion \u00e9lectrique requise, maintenance facile, utilisation intuitive.<\/li>\n<li><b>Encombrement r\u00e9duit :<\/b> Design compact optimisant l&#8217;espace de travail.<\/li>\n<li><b>Efficacit\u00e9 prouv\u00e9e :<\/b> Division manuelle pr\u00e9cise gr\u00e2ce \u00e0 son syst\u00e8me de pression uniforme.<\/li>\n<\/ul>\n","protected":false},"excerpt":{"rendered":"<p>D\u00e9couvrez les caract\u00e9ristiques uniques de la diviseuse manuelle Quarto et la SM 5-30 La Quarto et la SM 5-30 est [&hellip;]<\/p>\n","protected":false},"featured_media":2030,"comment_status":"open","ping_status":"closed","template":"","meta":{"site-sidebar-layout":"default","site-content-layout":"","ast-site-content-layout":"default","site-content-style":"default","site-sidebar-style":"default","ast-global-header-display":"","ast-banner-title-visibility":"","ast-main-header-display":"","ast-hfb-above-header-display":"","ast-hfb-below-header-display":"","ast-hfb-mobile-header-display":"","site-post-title":"","ast-breadcrumbs-content":"","ast-featured-img":"","footer-sml-layout":"","theme-transparent-header-meta":"default","adv-header-id-meta":"","stick-header-meta":"","header-above-stick-meta":"","header-main-stick-meta":"","header-below-stick-meta":"","astra-migrate-meta-layouts":"set","ast-page-background-enabled":"default","ast-page-background-meta":{"desktop":{"background-color":"var(--ast-global-color-4)","background-image":"","background-repeat":"repeat","background-position":"center center","background-size":"auto","background-attachment":"scroll","background-type":"","background-media":"","overlay-type":"","overlay-color":"","overlay-opacity":"","overlay-gradient":""},"tablet":{"background-color":"","background-image":"","background-repeat":"repeat","background-position":"center center","background-size":"auto","background-attachment":"scroll","background-type":"","background-media":"","overlay-type":"","overlay-color":"","overlay-opacity":"","overlay-gradient":""},"mobile":{"background-color":"","background-image":"","background-repeat":"repeat","background-position":"center center","background-size":"auto","background-attachment":"scroll","background-type":"","background-media":"","overlay-type":"","overlay-color":"","overlay-opacity":"","overlay-gradient":""}},"ast-content-background-meta":{"desktop":{"background-color":"var(--ast-global-color-5)","background-image":"","background-repeat":"repeat","background-position":"center center","background-size":"auto","background-attachment":"scroll","background-type":"","background-media":"","overlay-type":"","overlay-color":"","overlay-opacity":"","overlay-gradient":""},"tablet":{"background-color":"var(--ast-global-color-5)","background-image":"","background-repeat":"repeat","background-position":"center center","background-size":"auto","background-attachment":"scroll","background-type":"","background-media":"","overlay-type":"","overlay-color":"","overlay-opacity":"","overlay-gradient":""},"mobile":{"background-color":"var(--ast-global-color-5)","background-image":"","background-repeat":"repeat","background-position":"center center","background-size":"auto","background-attachment":"scroll","background-type":"","background-media":"","overlay-type":"","overlay-color":"","overlay-opacity":"","overlay-gradient":""}}},"product_brand":[],"product_cat":[136,141],"product_tag":[],"class_list":{"0":"post-3312","1":"product","2":"type-product","3":"status-publish","4":"has-post-thumbnail","6":"product_cat-bakery","7":"product_cat-diviseuse-en","8":"desktop-align-left","9":"tablet-align-left","10":"mobile-align-left","12":"first","13":"instock","14":"shipping-taxable","15":"purchasable","16":"product-type-variable"},"_links":{"self":[{"href":"https:\/\/www.equipements-boulangerie.com\/en\/wp-json\/wp\/v2\/product\/3312","targetHints":{"allow":["GET"]}}],"collection":[{"href":"https:\/\/www.equipements-boulangerie.com\/en\/wp-json\/wp\/v2\/product"}],"about":[{"href":"https:\/\/www.equipements-boulangerie.com\/en\/wp-json\/wp\/v2\/types\/product"}],"replies":[{"embeddable":true,"href":"https:\/\/www.equipements-boulangerie.com\/en\/wp-json\/wp\/v2\/comments?post=3312"}],"wp:featuredmedia":[{"embeddable":true,"href":"https:\/\/www.equipements-boulangerie.com\/en\/wp-json\/wp\/v2\/media\/2030"}],"wp:attachment":[{"href":"https:\/\/www.equipements-boulangerie.com\/en\/wp-json\/wp\/v2\/media?parent=3312"}],"wp:term":[{"taxonomy":"product_brand","embeddable":true,"href":"https:\/\/www.equipements-boulangerie.com\/en\/wp-json\/wp\/v2\/product_brand?post=3312"},{"taxonomy":"product_cat","embeddable":true,"href":"https:\/\/www.equipements-boulangerie.com\/en\/wp-json\/wp\/v2\/product_cat?post=3312"},{"taxonomy":"product_tag","embeddable":true,"href":"https:\/\/www.equipements-boulangerie.com\/en\/wp-json\/wp\/v2\/product_tag?post=3312"}],"curies":[{"name":"wp","href":"https:\/\/api.w.org\/{rel}","templated":true}]}}